{"id":12,"date":"2019-04-20T09:15:57","date_gmt":"2019-04-20T09:15:57","guid":{"rendered":"https:\/\/demolar.nifweb.com\/eticaret\/demo1\/?post_type=product&#038;p=12"},"modified":"2021-07-09T13:33:18","modified_gmt":"2021-07-09T13:33:18","slug":"kahverengi-kundura","status":"publish","type":"product","link":"https:\/\/demolar.nifweb.com\/eticaret\/demo1\/product\/kahverengi-kundura\/","title":{"rendered":"Kahverengi Kundura"},"content":{"rendered":"<p>bu \u015fahane ayakkab\u0131y\u0131 her hangin bir tak\u0131m elbiseyle kombinleyip dikkatleri \u00fczerinize toplayabilirsiniz.<\/p>\n","protected":false},"excerpt":{"rendered":"<p>kahverengi kundura:<\/p>\n<p>siyah tabanl\u0131<\/p>\n<p>%100 hakiki ger\u00e7ek deriden \u00fcretilmi\u015ftir.<\/p>\n","protected":false},"featured_media":13,"menu_order":0,"comment_status":"open","ping_status":"closed","template":"","meta":[],"product_cat":[25,16,104],"product_tag":[153,217,216,156],"_links":{"self":[{"href":"https:\/\/demolar.nifweb.com\/eticaret\/demo1\/wp-json\/wp\/v2\/product\/12"}],"collection":[{"href":"https:\/\/demolar.nifweb.com\/eticaret\/demo1\/wp-json\/wp\/v2\/product"}],"about":[{"href":"https:\/\/demolar.nifweb.com\/eticaret\/demo1\/wp-json\/wp\/v2\/types\/product"}],"replies":[{"embeddable":true,"href":"https:\/\/demolar.nifweb.com\/eticaret\/demo1\/wp-json\/wp\/v2\/comments?post=12"}],"wp:featuredmedia":[{"embeddable":true,"href":"https:\/\/demolar.nifweb.com\/eticaret\/demo1\/wp-json\/wp\/v2\/media\/13"}],"wp:attachment":[{"href":"https:\/\/demolar.nifweb.com\/eticaret\/demo1\/wp-json\/wp\/v2\/media?parent=12"}],"wp:term":[{"taxonomy":"product_cat","embeddable":true,"href":"https:\/\/demolar.nifweb.com\/eticaret\/demo1\/wp-json\/wp\/v2\/product_cat?post=12"},{"taxonomy":"product_tag","embeddable":true,"href":"https:\/\/demolar.nifweb.com\/eticaret\/demo1\/wp-json\/wp\/v2\/product_tag?post=12"}],"curies":[{"name":"wp","href":"https:\/\/api.w.org\/{rel}","templated":true}]}}