{"id":980,"date":"2019-07-25T07:45:18","date_gmt":"2019-07-25T07:45:18","guid":{"rendered":"https:\/\/demolar.nifweb.com\/eticaret\/demo1\/?page_id=980"},"modified":"2021-04-07T14:58:25","modified_gmt":"2021-04-07T14:58:25","slug":"hakkimizda","status":"publish","type":"page","link":"https:\/\/demolar.nifweb.com\/eticaret\/demo1\/hakkimizda\/","title":{"rendered":"Hakk\u0131m\u0131zda"},"content":{"rendered":"\t\t<div data-elementor-type=\"wp-post\" data-elementor-id=\"980\" class=\"elementor elementor-980\" data-elementor-settings=\"[]\">\n\t\t\t\t\t\t<div class=\"elementor-inner\">\n\t\t\t\t\t\t\t<div class=\"elementor-section-wrap\">\n\t\t\t\t\t\t\t<section class=\"elementor-section elementor-top-section elementor-element elementor-element-20daaa1 elementor-section-boxed elementor-section-height-default elementor-section-height-default\" data-id=\"20daaa1\" data-element_type=\"section\">\n\t\t\t\t\t\t<div class=\"elementor-container elementor-column-gap-default\">\n\t\t\t\t\t\t\t<div class=\"elementor-row\">\n\t\t\t\t\t<div class=\"elementor-column elementor-col-50 elementor-top-column elementor-element elementor-element-bce54dc\" data-id=\"bce54dc\" data-element_type=\"column\">\n\t\t\t<div class=\"elementor-column-wrap elementor-element-populated\">\n\t\t\t\t\t\t\t<div class=\"elementor-widget-wrap\">\n\t\t\t\t\t\t<div class=\"elementor-element elementor-element-45229b3 elementor-widget elementor-widget-rt-title\" data-id=\"45229b3\" data-element_type=\"widget\" data-widget_type=\"rt-title.default\">\n\t\t\t\t<div class=\"elementor-widget-container\">\n\t\t\t<div class=\"rt-el-title rtin-style-2 rtin-align-left\">\r\n\t<h2 class=\"rtin-title\">Biz Kimiz?<\/h2>\r\n\t<\/div>\t\t<\/div>\n\t\t\t\t<\/div>\n\t\t\t\t<div class=\"elementor-element elementor-element-75591e8 elementor-widget elementor-widget-text-editor\" data-id=\"75591e8\" data-element_type=\"widget\" data-widget_type=\"text-editor.default\">\n\t\t\t\t<div class=\"elementor-widget-container\">\n\t\t\t\t\t\t\t\t<div class=\"elementor-text-editor elementor-clearfix\">\n\t\t\t\t\t<p>Dorem ipsum dolor sit amet, consectetur adipiscing elit. Ut blandit nisi a dictum tristique. Nullam urna metus, vestibulum ac sodales eSed ut perspiciatis unde omnis iste natus error sit voluptatem accusantium doloremque laudantium totam remrutrumDorem ipsum dolor sit amet, consectetur adipiscing elit. Sed ut perspiciatis.Dorem ipsum dolor sit amet, consectetur adipiscing elit. Ut blandit nisi a dictum tristique.<\/p><p>Dorem ipsum dolor sit amet, consectetur adipiscing elit. Ut blandit nisi a dictum tristique. Nullam urna metus, vestibulum ac sodales eSed ut perspiciatis unde omnis iste natus error sit voluptatem accusantium doloremque laudantium totam remrutrumDorem ipsum dolor sit amet, consectetur adipiscing elit. Sed ut perspiciatis.Doremque laudantium totam remrutrumDorem ipsum dolor.<\/p>\t\t\t\t\t<\/div>\n\t\t\t\t\t\t<\/div>\n\t\t\t\t<\/div>\n\t\t\t\t<div class=\"elementor-element elementor-element-f3a03d7 elementor-widget elementor-widget-rt-button\" data-id=\"f3a03d7\" data-element_type=\"widget\" data-widget_type=\"rt-button.default\">\n\t\t\t\t<div class=\"elementor-widget-container\">\n\t\t\t<div class=\"rt-el-btn rtin-style-1\">\r\n\t<a href=\"#\">\u0130LET\u0130\u015e\u0130ME GE\u00c7<\/a>\r\n<\/div>\t\t<\/div>\n\t\t\t\t<\/div>\n\t\t\t\t\t\t<\/div>\n\t\t\t\t\t<\/div>\n\t\t<\/div>\n\t\t\t\t<div class=\"elementor-column elementor-col-50 elementor-top-column elementor-element elementor-element-fba56fc\" data-id=\"fba56fc\" data-element_type=\"column\">\n\t\t\t<div class=\"elementor-column-wrap elementor-element-populated\">\n\t\t\t\t\t\t\t<div class=\"elementor-widget-wrap\">\n\t\t\t\t\t\t<div class=\"elementor-element elementor-element-9919564 elementor-widget elementor-widget-image\" data-id=\"9919564\" data-element_type=\"widget\" data-widget_type=\"image.default\">\n\t\t\t\t<div class=\"elementor-widget-container\">\n\t\t\t\t\t\t\t\t<div class=\"elementor-image\">\n\t\t\t\t\t\t\t\t\t\t\t\t<img src=\"https:\/\/demolar.nifweb.com\/eticaret\/demo1\/wp-content\/uploads\/elementor\/thumbs\/about-p9ip2izzm9thd8slbftiwtdo3peh1rwx6k4xqugu3u.jpg\" title=\"about\" alt=\"about\" \/>\t\t\t\t\t\t\t\t\t\t\t\t\t\t<\/div>\n\t\t\t\t\t\t<\/div>\n\t\t\t\t<\/div>\n\t\t\t\t\t\t<\/div>\n\t\t\t\t\t<\/div>\n\t\t<\/div>\n\t\t\t\t\t\t\t\t<\/div>\n\t\t\t\t\t<\/div>\n\t\t<\/section>\n\t\t\t\t<div class=\"elementor-section elementor-top-section elementor-element elementor-element-714db82 elementor-section-stretched elementor-section-boxed elementor-section-height-default elementor-section-height-default\" data-id=\"714db82\" data-element_type=\"section\" data-settings=\"{&quot;stretch_section&quot;:&quot;section-stretched&quot;,&quot;background_background&quot;:&quot;classic&quot;}\">\n\t\t\t\t\t\t<div class=\"elementor-container elementor-column-gap-default\">\n\t\t\t\t\t\t\t<div class=\"elementor-row\">\n\t\t\t\t\t<div class=\"elementor-column elementor-col-100 elementor-top-column elementor-element elementor-element-f264c0f\" data-id=\"f264c0f\" data-element_type=\"column\">\n\t\t\t<div class=\"elementor-column-wrap elementor-element-populated\">\n\t\t\t\t\t\t\t<div class=\"elementor-widget-wrap\">\n\t\t\t\t\t\t<section class=\"elementor-section elementor-inner-section elementor-element elementor-element-d10bb81 elementor-section-boxed elementor-section-height-default elementor-section-height-default\" data-id=\"d10bb81\" data-element_type=\"section\">\n\t\t\t\t\t\t<div class=\"elementor-container elementor-column-gap-default\">\n\t\t\t\t\t\t\t<div class=\"elementor-row\">\n\t\t\t\t\t<div class=\"elementor-column elementor-col-100 elementor-inner-column elementor-element elementor-element-55e7d89\" data-id=\"55e7d89\" data-element_type=\"column\">\n\t\t\t<div class=\"elementor-column-wrap elementor-element-populated\">\n\t\t\t\t\t\t\t<div class=\"elementor-widget-wrap\">\n\t\t\t\t\t\t<div class=\"elementor-element elementor-element-54b056d elementor-widget elementor-widget-rt-title\" data-id=\"54b056d\" data-element_type=\"widget\" data-widget_type=\"rt-title.default\">\n\t\t\t\t<div class=\"elementor-widget-container\">\n\t\t\t<div class=\"rt-el-title rtin-style-2 rtin-align-center\">\r\n\t<h2 class=\"rtin-title\">Neden Bizden Al\u0131\u015fveri\u015f Yapmal\u0131s\u0131n\u0131z?<\/h2>\r\n\t\t\t<p class=\"rtin-subtitle\">Bizi Tercih Etmeniz \u0130\u00e7in Onlarca Sebep Var Bunlardan Baz\u0131lar\u0131<\/p>\r\n\t<\/div>\t\t<\/div>\n\t\t\t\t<\/div>\n\t\t\t\t\t\t<\/div>\n\t\t\t\t\t<\/div>\n\t\t<\/div>\n\t\t\t\t\t\t\t\t<\/div>\n\t\t\t\t\t<\/div>\n\t\t<\/section>\n\t\t\t\t<section class=\"elementor-section elementor-inner-section elementor-element elementor-element-1c1f437 elementor-section-boxed elementor-section-height-default elementor-section-height-default\" data-id=\"1c1f437\" data-element_type=\"section\">\n\t\t\t\t\t\t<div class=\"elementor-container elementor-column-gap-default\">\n\t\t\t\t\t\t\t<div class=\"elementor-row\">\n\t\t\t\t\t<div class=\"elementor-column elementor-col-33 elementor-inner-column elementor-element elementor-element-a3b4d04\" data-id=\"a3b4d04\" data-element_type=\"column\">\n\t\t\t<div class=\"elementor-column-wrap elementor-element-populated\">\n\t\t\t\t\t\t\t<div class=\"elementor-widget-wrap\">\n\t\t\t\t\t\t<div class=\"elementor-element elementor-element-511e5a3 elementor-widget elementor-widget-rt-text-with-icon\" data-id=\"511e5a3\" data-element_type=\"widget\" data-widget_type=\"rt-text-with-icon.default\">\n\t\t\t\t<div class=\"elementor-widget-container\">\n\t\t\t<div class=\"rt-el-text-with-icon elementwidth elwidth-305-320-360 rtin-style-6 rtin-bgtype-light\">\r\n\t<div class=\"rtin-item\">\t<div class=\"rtin-icon\"><svg xmlns=\"http:\/\/www.w3.org\/2000\/svg\" viewBox=\"0 0 512.0004 512.0016\"><path d=\"M476.1584 231.364c20.2646 3.085 35.8418 20.626 35.8408 41.7373v85.5117c0 4.4277-3.5898 8.0166-8.0166 8.0166h-26.2031c0.002 0.1777 0.0137 0.3545 0.0137 0.5342 0 27.9961-22.7773 50.7715-50.7715 50.7715-27.9951 0-50.7725-22.7754-50.7725-50.7715 0-0.1787 0.0117-0.3564 0.0137-0.5342h-180.67c0.002 0.1777 0.0146 0.3545 0.0146 0.5342 0 27.9961-22.7773 50.7715-50.7725 50.7715s-50.7715-22.7754-50.7715-50.7715c0-0.1787 0.0117-0.3564 0.0137-0.5342h-43.3037c-9.1367 0-16.5684-7.4316-16.5684-16.5684v-17.6367h-26.1885c-4.4277 0-8.0166-3.5889-8.0166-8.0166 0-4.4287 3.5898-8.0176 8.0166-8.0176h76.96c4.4287 0 8.0176 3.5889 8.0176 8.0176 0 4.4277-3.5898 8.0166-8.0176 8.0166h-34.7383v17.6367c0 0.2959 0.2383 0.5342 0.5342 0.5342h46.0801c6.8857-19.8828 25.7871-34.2051 47.9824-34.2051s41.0957 14.3223 47.9824 34.2051h166.327v-60.3906c0-4.4277 3.5908-8.0176 8.0176-8.0176 4.4277 0 8.0166 3.5908 8.0166 8.0176v60.3926h3.8603c6.8848-19.8828 25.7871-34.2051 47.9824-34.2051 22.1943 0 41.0957 14.3223 47.9814 34.2051h20.9619v-35.2725h-9.0859c-13.8506 0-25.1191-11.2686-25.1191-25.1191v-17.1025c0-4.4277 3.5898-8.0166 8.0175-8.0166h24.9277c-3.3945-10.5254-13.2754-18.1631-24.9121-18.1709-0.0068 0-0.0137 0.001-0.0214 0.0009s-0.0137-0.002-0.0215-0.0019h-94.5693v9.0879c0 4.4277-3.5898 8.0166-8.0166 8.0166-4.4277 0-8.0166-3.5898-8.0166-8.0166v-145.372c0-0.2949-0.2393-0.5342-0.5342-0.5342h-307.841c-0.2959 0-0.5342 0.2393-0.5342 0.5342v145.37c0 4.4277-3.5898 8.0166-8.0176 8.0166s-8.0166-3.5898-8.0166-8.0166v-145.37c0-9.1357 7.4316-16.5684 16.5684-16.5684h307.842c9.1357 0 16.5674 7.4326 16.5674 16.5684v17.6377h60.3926c18.5645 0 33.6699 15.1045 33.6699 33.6709v8.5508c0 3.8525-2.7197 7.0684-6.3447 7.8388z m-100.976-87.06200000000001v18.1709h78.0293v-0.5332c0-9.7256-7.9121-17.6377-17.6367-17.6377h-60.3926z m0 86.58000000000001h84.3291l-13.0938-52.376h-71.2354v52.376z m-230.34699999999998 171.0233c19.1553 0 34.7393-15.583 34.7393-34.7393s-15.584-34.7393-34.7393-34.7393-34.7393 15.583-34.7393 34.7393 15.584 34.7393 34.7393 34.7393z m282.188 0c19.1543 0 34.7383-15.583 34.7383-34.7393s-15.584-34.7393-34.7383-34.7393c-19.1553 0-34.7393 15.583-34.7393 34.7393s15.584 34.7393 34.7393 34.7393z m68.94400000000002-102.61430000000001h-0.0009v-18.1719h-18.1709v9.0859c0 5.0098 4.0762 9.0859 9.0859 9.086h9.0859z m-351.132 51.30669999999998c9.1357 0 16.5684 7.4326 16.5684 16.5684s-7.4326 16.5684-16.5684 16.5684-16.5684-7.4326-16.5684-16.5684 7.4326-16.5684 16.5684-16.5684z m282.188 0c9.1357 0 16.5674 7.4326 16.5674 16.5684s-7.4316 16.5684-16.5674 16.5684c-9.1367 0-16.5684-7.4326-16.5684-16.5684s7.4316-16.5684 16.5684-16.5684z m-94.06299999999999-34.20369999999997c4.4277 0 8.0166 3.5898 8.0166 8.0176s-3.5898 8.0166-8.0166 8.0166h-119.716c-4.4277 0-8.0176-3.5889-8.0175-8.0166s3.5908-8.0176 8.0175-8.0176h119.716z m-205.22699999999998-34.204999999999984c4.4268 0 8.0166 3.5889 8.0166 8.0166s-3.5898 8.0166-8.0166 8.0166h-102.614c-4.4277 0-8.0176-3.5889-8.0175-8.0166s3.5908-8.0166 8.0175-8.0166h102.614z m151.038-108.81800000000001c3.1299 3.1309 3.1299 8.206-0.0019 11.3379l-76.96 76.96c-1.5635 1.5664-3.6162 2.3477-5.668 2.3477-2.0508 0-4.1025-0.7813-5.668-2.3477l-42.7559-42.7559c-3.1309-3.1309-3.1309-8.206 0-11.3369 3.1299-3.1309 8.206-3.1309 11.3369 0l37.0869 37.0869 71.292-71.291c3.1309-3.1309 8.207-3.1309 11.3379-0.001z\"><\/path><\/svg><\/div>\r\n\t<div class=\"rtin-content\">\r\n\t\t<h3 class=\"rtin-title\">KARGOLAMA<\/h3>\r\n\t\t\t\t\t<p class=\"rtin-subtitle\">T\u00fcm kargolarda standart g\u00f6nderi \u00fccreti uyguluyoruz. T\u00fcm al\u0131\u015fveri\u015flerinizde 3.99TL kargo \u00fccreti ile al\u0131\u015fveri\u015f yapabilirsiniz.<\/p>\r\n\t\t\t<\/div>\r\n\t<\/div><\/div>\t\t<\/div>\n\t\t\t\t<\/div>\n\t\t\t\t\t\t<\/div>\n\t\t\t\t\t<\/div>\n\t\t<\/div>\n\t\t\t\t<div class=\"elementor-column elementor-col-33 elementor-inner-column elementor-element elementor-element-53095a7\" data-id=\"53095a7\" data-element_type=\"column\">\n\t\t\t<div class=\"elementor-column-wrap elementor-element-populated\">\n\t\t\t\t\t\t\t<div class=\"elementor-widget-wrap\">\n\t\t\t\t\t\t<div class=\"elementor-element elementor-element-cc233f4 elementor-widget elementor-widget-rt-text-with-icon\" data-id=\"cc233f4\" data-element_type=\"widget\" data-widget_type=\"rt-text-with-icon.default\">\n\t\t\t\t<div class=\"elementor-widget-container\">\n\t\t\t<div class=\"rt-el-text-with-icon elementwidth elwidth-305-320-360 rtin-style-6 rtin-bgtype-light\">\r\n\t<div class=\"rtin-item\">\t<div class=\"rtin-icon\"><svg xmlns=\"http:\/\/www.w3.org\/2000\/svg\" viewBox=\"0 0 512 512.0016\"><path d=\"M431.166 194.69c36.6797 2.3662 65.7217 33.0215 65.6143 70.2383v30.7627c0 37.4326-29.2578 68.0879-66.1514 70.3467-3.6572 56.1475-31.3008 84.0068-54.6426 97.667-16.5645 9.6807-33.2363 13.4453-43.7783 14.9512-5.2705 19.1465-22.8027 33.3447-43.6699 33.3447h-32.377c-24.9541 0-45.2842-20.4365-45.2842-45.3916s20.3301-45.2842 45.2842-45.2842h32.2695c20.1143 0 37.2168 13.123 43.1328 31.3008 21.5117-3.5498 67.8721-19.1465 73.1426-86.4805h-18.0703c-7.0996 0-12.9082-5.8086-12.9082-12.9072v-145.855c0-7.0996 5.8086-12.9082 12.9082-12.9082h18.5v-19.4688c0-85.082-60.5576-149.189-141.015-149.189h-16.2422c-80.3496 0-141.015 64.1074-141.015 149.189v19.4688h18.5c7.0996 0 12.9082 5.8086 12.9082 12.9082v145.963c0 7.0986-5.8086 12.9072-12.9082 12.9072h-39.6904c-38.8301 0-70.4541-31.623-70.4541-70.4541v-30.7627c0-37.3242 29.1504-67.8721 65.8291-70.3457v-19.6846c0-47.1123 16.6719-90.8906 46.8975-123.375 30.9785-33.3438 73.5732-51.6299 120.04-51.6299h16.2422c46.4668 0 89.0625 18.2861 120.04 51.6299 30.2256 32.4844 46.8975 76.2627 46.8975 123.375v19.6846z m-318.494 145.64v-120.04h-26.7832c-24.6318 0-44.6387 20.0068-44.6387 44.6387v30.7627c0 24.6318 20.0068 44.6387 44.6387 44.6387h26.7832z m175.86600000000004 145.85560000000004c10.7559 0 19.4688-8.7119 19.4688-19.4688 0-10.7559-8.7129-19.4688-19.4688-19.4688h-32.377c-10.7559 0-19.4688 8.7129-19.4688 19.4688 0 10.7568 8.7129 19.4688 19.4688 19.4688h32.377z m182.534-190.49460000000005v-30.7627c0-24.6318-20.0068-44.6387-44.6387-44.6387h-26.7832v120.04h26.7832c24.6318 0 44.6387-20.0068 44.6387-44.6387z\"><\/path><\/svg><\/div>\r\n\t<div class=\"rtin-content\">\r\n\t\t<h3 class=\"rtin-title\">24\/7 DESTEK<\/h3>\r\n\t\t\t\t\t<p class=\"rtin-subtitle\">Ekibimiz sizler i\u00e7in \u00e7al\u0131\u015f\u0131yor. Her t\u00fcr soru istek g\u00f6r\u00fc\u015f ve \u00f6nerileriniz i\u00e7in bizlere ileti\u015fim sayfas\u0131ndan ula\u015fabilirsiniz.<\/p>\r\n\t\t\t<\/div>\r\n\t<\/div><\/div>\t\t<\/div>\n\t\t\t\t<\/div>\n\t\t\t\t\t\t<\/div>\n\t\t\t\t\t<\/div>\n\t\t<\/div>\n\t\t\t\t<div class=\"elementor-column elementor-col-33 elementor-inner-column elementor-element elementor-element-d4cc69a\" data-id=\"d4cc69a\" data-element_type=\"column\">\n\t\t\t<div class=\"elementor-column-wrap elementor-element-populated\">\n\t\t\t\t\t\t\t<div class=\"elementor-widget-wrap\">\n\t\t\t\t\t\t<div class=\"elementor-element elementor-element-723c078 elementor-widget elementor-widget-rt-text-with-icon\" data-id=\"723c078\" data-element_type=\"widget\" data-widget_type=\"rt-text-with-icon.default\">\n\t\t\t\t<div class=\"elementor-widget-container\">\n\t\t\t<div class=\"rt-el-text-with-icon elementwidth elwidth-305-320-360 rtin-style-6 rtin-bgtype-light\">\r\n\t<div class=\"rtin-item\">\t<div class=\"rtin-icon\"><svg xmlns=\"http:\/\/www.w3.org\/2000\/svg\" viewBox=\"0 0 512 512.0016\"><path d=\"M435 288.783c0 24.3271-14.6768 45.2803-35.6318 54.5039 8.0049 10.1406 12.8018 22.9238 12.8018 36.8174 0 23.6455-13.8594 44.1133-33.8809 53.7129 5.9717 8.7422 9.0029 19.1104 8.6182 29.9434-0.9629 27.0518-23.3145 48.2402-50.8877 48.2402h-122.413c-75.3242 0-136.606-61.2803-136.606-136.606v-100.861c0-63.9932 44.2383-117.825 103.731-132.582v-77.874c0-35.332 28.7441-64.0762 64.0762-64.0762 35.3311 0 64.0752 28.7441 64.0752 64.0762v73.8496h46.6221c32.2842 0 59.4648 25.7383 60.5889 57.375 0.5303 14.8994-4.3691 29.0625-13.8379 40.3428 19.4033 9.8213 32.7441 29.9443 32.7441 53.1387z m-226.529-224.70600000000002h0.002v73.9805c1.7061-0.0635 3.4141-0.1309 5.1357-0.1309h67.5352v-73.8496c0-20.0361-16.3008-36.3369-36.3359-36.3369-20.0361 0-36.3369 16.3008-36.3369 36.3369z m166.998 256.497c17.5293 0 31.7881-14.2656 31.7881-31.7949s-14.2607-31.792-31.792-31.792h-126.025c-7.6602 0-13.8691-6.209-13.8691-13.8691s6.209-13.8701 13.8691-13.8701h107.159c8.706 0 16.832-3.4512 22.8809-9.7188 6.043-6.2627 9.2012-14.5176 8.8906-23.2451-0.5986-16.8828-15.3438-30.6201-32.8652-30.6201h-141.898c-60.0303 0-108.867 48.8369-108.867 108.867v100.861c0 60.0303 48.8369 108.867 108.867 108.867h122.413c12.3506 0 22.7422-9.6396 23.165-21.4863 0.2178-6.126-1.9981-11.9219-6.2392-16.3164-4.2441-4.3965-9.9492-6.8203-16.0576-6.8203h-87.4463c-7.6602 0-13.8691-6.209-13.8691-13.8691s6.209-13.8701 13.8691-13.8701h103.196c17.5312 0 31.793-14.2598 31.793-31.791s-14.2617-31.793-31.793-31.793h-103.196c-7.6602 0-13.8691-6.21-13.8691-13.8701 0-7.6592 6.209-13.8691 13.8691-13.8691h103.196 22.8311z\"><\/path><\/svg><\/div>\r\n\t<div class=\"rtin-content\">\r\n\t\t<h3 class=\"rtin-title\">%100 MEMNUN\u0130YET<\/h3>\r\n\t\t\t\t\t<p class=\"rtin-subtitle\">Y\u00fczde y\u00fcze varan memnuniyet oran\u0131yla sizlere en kaliteli \u00fcr\u00fcnleri en uygun fiyata sunmaktan gurur duyuyoruz.<\/p>\r\n\t\t\t<\/div>\r\n\t<\/div><\/div>\t\t<\/div>\n\t\t\t\t<\/div>\n\t\t\t\t\t\t<\/div>\n\t\t\t\t\t<\/div>\n\t\t<\/div>\n\t\t\t\t\t\t\t\t<\/div>\n\t\t\t\t\t<\/div>\n\t\t<\/section>\n\t\t\t\t\t\t<\/div>\n\t\t\t\t\t<\/div>\n\t\t<\/div>\n\t\t\t\t\t\t\t\t<\/div>\n\t\t\t\t\t<\/div>\n\t\t<\/div>\n\t\t\t\t<section class=\"elementor-section elementor-top-section elementor-element elementor-element-91bd4e9 elementor-section-stretched elementor-section-boxed elementor-section-height-default elementor-section-height-default\" data-id=\"91bd4e9\" data-element_type=\"section\" data-settings=\"{&quot;stretch_section&quot;:&quot;section-stretched&quot;,&quot;background_background&quot;:&quot;classic&quot;}\">\n\t\t\t\t\t\t\t<div class=\"elementor-background-overlay\"><\/div>\n\t\t\t\t\t\t\t<div class=\"elementor-container elementor-column-gap-default\">\n\t\t\t\t\t\t\t<div class=\"elementor-row\">\n\t\t\t\t\t<div class=\"elementor-column elementor-col-100 elementor-top-column elementor-element elementor-element-168561d\" data-id=\"168561d\" data-element_type=\"column\">\n\t\t\t<div class=\"elementor-column-wrap elementor-element-populated\">\n\t\t\t\t\t\t\t<div class=\"elementor-widget-wrap\">\n\t\t\t\t\t\t<div class=\"elementor-element elementor-element-ec33d22 elementor-widget elementor-widget-rt-title\" data-id=\"ec33d22\" data-element_type=\"widget\" data-widget_type=\"rt-title.default\">\n\t\t\t\t<div class=\"elementor-widget-container\">\n\t\t\t<div class=\"rt-el-title rtin-style-1 rtin-align-center\">\r\n\t<h2 class=\"rtin-title\">Orijinal \u00dcr\u00fcnler Sunuyoruz<\/h2>\r\n\t\t\t<p class=\"rtin-subtitle\">Sat\u0131\u015f\u0131n\u0131 yapt\u0131\u011f\u0131m\u0131z \u00fcr\u00fcnler sertifikal\u0131 ve fatural\u0131 \u00fcr\u00fcnler olup tedarik\u00e7i taraf\u0131ndan sa\u011flanm\u0131\u015f %100 orijinal \u00fcr\u00fcnlerdir. Sizlere en kaliteli \u00fcr\u00fcnleri bulmak i\u00e7in ekibimiz b\u00fcy\u00fck bir \u00f6zveriyle \u00e7al\u0131\u015f\u0131yor.<\/p>\r\n\t<\/div>\t\t<\/div>\n\t\t\t\t<\/div>\n\t\t\t\t<div class=\"elementor-element elementor-element-82b0755 elementor-widget elementor-widget-rt-button\" data-id=\"82b0755\" data-element_type=\"widget\" data-widget_type=\"rt-button.default\">\n\t\t\t\t<div class=\"elementor-widget-container\">\n\t\t\t<div class=\"rt-el-btn rtin-style-3\">\r\n\t<a href=\"#\">\u0130LET\u0130\u015e\u0130ME GE\u00c7<\/a>\r\n<\/div>\t\t<\/div>\n\t\t\t\t<\/div>\n\t\t\t\t\t\t<\/div>\n\t\t\t\t\t<\/div>\n\t\t<\/div>\n\t\t\t\t\t\t\t\t<\/div>\n\t\t\t\t\t<\/div>\n\t\t<\/section>\n\t\t\t\t<div class=\"elementor-section elementor-top-section elementor-element elementor-element-7249ac8e elementor-section-stretched elementor-section-boxed elementor-section-height-default elementor-section-height-default\" data-id=\"7249ac8e\" data-element_type=\"section\" data-settings=\"{&quot;stretch_section&quot;:&quot;section-stretched&quot;,&quot;background_background&quot;:&quot;classic&quot;}\">\n\t\t\t\t\t\t<div class=\"elementor-container elementor-column-gap-default\">\n\t\t\t\t\t\t\t<div class=\"elementor-row\">\n\t\t\t\t\t<div class=\"elementor-column elementor-col-100 elementor-top-column elementor-element elementor-element-2c146286\" data-id=\"2c146286\" data-element_type=\"column\">\n\t\t\t<div class=\"elementor-column-wrap elementor-element-populated\">\n\t\t\t\t\t\t\t<div class=\"elementor-widget-wrap\">\n\t\t\t\t\t\t<div class=\"elementor-element elementor-element-b6ceacb elementor-widget elementor-widget-heading\" data-id=\"b6ceacb\" data-element_type=\"widget\" data-widget_type=\"heading.default\">\n\t\t\t\t<div class=\"elementor-widget-container\">\n\t\t\t<h2 class=\"elementor-heading-title elementor-size-default\">\u00c7al\u0131\u015ft\u0131\u011f\u0131m\u0131z Markalar<\/h2>\t\t<\/div>\n\t\t\t\t<\/div>\n\t\t\t\t<div class=\"elementor-element elementor-element-34723c10 elementor-widget elementor-widget-rt-logo-slider\" data-id=\"34723c10\" data-element_type=\"widget\" data-widget_type=\"rt-logo-slider.default\">\n\t\t\t\t<div class=\"elementor-widget-container\">\n\t\t\t<div class=\"rt-el-logo-slider owl-wrap rt-owl-nav slider-nav-enabled\">\r\n\t<div class=\"owl-theme owl-carousel rt-owl-carousel\" data-carousel-options=\"{&quot;nav&quot;:false,&quot;dots&quot;:false,&quot;autoplay&quot;:true,&quot;autoplayTimeout&quot;:&quot;5000&quot;,&quot;autoplaySpeed&quot;:200,&quot;autoplayHoverPause&quot;:true,&quot;loop&quot;:true,&quot;margin&quot;:30,&quot;responsive&quot;:{&quot;0&quot;:{&quot;items&quot;:&quot;1&quot;},&quot;480&quot;:{&quot;items&quot;:&quot;2&quot;},&quot;768&quot;:{&quot;items&quot;:&quot;4&quot;},&quot;992&quot;:{&quot;items&quot;:&quot;5&quot;},&quot;1200&quot;:{&quot;items&quot;:&quot;6&quot;}}}\">\r\n\t\t\t\t\t\t\t\t<div class=\"rtin-item\">\r\n\t\t\t\t\t\t\t\t\t<img width=\"115\" height=\"103\" src=\"https:\/\/demolar.nifweb.com\/eticaret\/demo1\/wp-content\/uploads\/2019\/04\/brand1.png\" class=\"attachment-full size-full wp-post-image\" alt=\"\" loading=\"lazy\" \/>\t\t\t\t\t\t\t<\/div>\r\n\t\t\t\t\t\t\t\t<div class=\"rtin-item\">\r\n\t\t\t\t\t\t\t\t\t<img width=\"115\" height=\"103\" src=\"https:\/\/demolar.nifweb.com\/eticaret\/demo1\/wp-content\/uploads\/2019\/04\/brand2.png\" class=\"attachment-full size-full wp-post-image\" alt=\"\" loading=\"lazy\" \/>\t\t\t\t\t\t\t<\/div>\r\n\t\t\t\t\t\t\t\t<div class=\"rtin-item\">\r\n\t\t\t\t\t\t\t\t\t<img width=\"115\" height=\"103\" src=\"https:\/\/demolar.nifweb.com\/eticaret\/demo1\/wp-content\/uploads\/2019\/04\/brand5.png\" class=\"attachment-full size-full wp-post-image\" alt=\"\" loading=\"lazy\" \/>\t\t\t\t\t\t\t<\/div>\r\n\t\t\t\t\t\t\t\t<div class=\"rtin-item\">\r\n\t\t\t\t\t\t\t\t\t<img width=\"115\" height=\"103\" src=\"https:\/\/demolar.nifweb.com\/eticaret\/demo1\/wp-content\/uploads\/2019\/04\/brand4.png\" class=\"attachment-full size-full wp-post-image\" alt=\"\" loading=\"lazy\" \/>\t\t\t\t\t\t\t<\/div>\r\n\t\t\t\t\t\t\t\t<div class=\"rtin-item\">\r\n\t\t\t\t\t\t\t\t\t<img width=\"115\" height=\"103\" src=\"https:\/\/demolar.nifweb.com\/eticaret\/demo1\/wp-content\/uploads\/2019\/04\/brand5.png\" class=\"attachment-full size-full wp-post-image\" alt=\"\" loading=\"lazy\" \/>\t\t\t\t\t\t\t<\/div>\r\n\t\t\t\t\t\t\t\t<div class=\"rtin-item\">\r\n\t\t\t\t\t\t\t\t\t<img width=\"115\" height=\"103\" src=\"https:\/\/demolar.nifweb.com\/eticaret\/demo1\/wp-content\/uploads\/2019\/04\/brand6.png\" class=\"attachment-full size-full wp-post-image\" alt=\"\" loading=\"lazy\" \/>\t\t\t\t\t\t\t<\/div>\r\n\t\t\t<\/div>\r\n<\/div>\t\t<\/div>\n\t\t\t\t<\/div>\n\t\t\t\t\t\t<\/div>\n\t\t\t\t\t<\/div>\n\t\t<\/div>\n\t\t\t\t\t\t\t\t<\/div>\n\t\t\t\t\t<\/div>\n\t\t<\/div>\n\t\t\t\t\t\t<\/div>\n\t\t\t\t\t\t<\/div>\n\t\t\t\t\t<\/div>\n\t\t","protected":false},"excerpt":{"rendered":"<p>Biz Kimiz? Dorem ipsum dolor sit amet, consectetur adipiscing elit. Ut blandit nisi a dictum tristique. Nullam urna metus, vestibulum ac sodales eSed ut perspiciatis unde omnis iste natus error sit voluptatem accusantium doloremque laudantium totam remrutrumDorem ipsum dolor sit amet, consectetur adipiscing elit. Sed ut perspiciatis.Dorem ipsum dolor sit amet, consectetur adipiscing elit. Ut &#8230;<\/p>\n","protected":false},"author":1,"featured_media":0,"parent":0,"menu_order":0,"comment_status":"closed","ping_status":"closed","template":"templates\/blank.php","meta":[],"_links":{"self":[{"href":"https:\/\/demolar.nifweb.com\/eticaret\/demo1\/wp-json\/wp\/v2\/pages\/980"}],"collection":[{"href":"https:\/\/demolar.nifweb.com\/eticaret\/demo1\/wp-json\/wp\/v2\/pages"}],"about":[{"href":"https:\/\/demolar.nifweb.com\/eticaret\/demo1\/wp-json\/wp\/v2\/types\/page"}],"author":[{"embeddable":true,"href":"https:\/\/demolar.nifweb.com\/eticaret\/demo1\/wp-json\/wp\/v2\/users\/1"}],"replies":[{"embeddable":true,"href":"https:\/\/demolar.nifweb.com\/eticaret\/demo1\/wp-json\/wp\/v2\/comments?post=980"}],"version-history":[{"count":0,"href":"https:\/\/demolar.nifweb.com\/eticaret\/demo1\/wp-json\/wp\/v2\/pages\/980\/revisions"}],"wp:attachment":[{"href":"https:\/\/demolar.nifweb.com\/eticaret\/demo1\/wp-json\/wp\/v2\/media?parent=980"}],"curies":[{"name":"wp","href":"https:\/\/api.w.org\/{rel}","templated":true}]}}